{"id":2,"date":"2016-05-10T03:48:21","date_gmt":"2016-05-10T03:48:21","guid":{"rendered":"http:\/\/kulturwerk-schlesien.de\/?page_id=2"},"modified":"2025-12-02T08:52:02","modified_gmt":"2025-12-02T07:52:02","slug":"sample-page","status":"publish","type":"page","link":"https:\/\/www.kulturwerk-schlesien.de\/","title":{"rendered":"Start"},"content":{"rendered":"<p style=\"text-align: left;\"><strong>Schlesien \u2013 das zehnfach interessante Land<\/strong>,<\/p>\n<p style=\"text-align: left;\">so bezeichnete es schon Johann Wolfgang von Goethe bei seiner Reise nach Schlesien im Jahre 1790.<\/p>\n<p style=\"text-align: left;\">Aufgabe der Stiftung Kulturwerk Schlesien ist es, das vielf\u00e4ltige Kulturerbe der Region Schlesien der \u00d6ffentlichkeit bekannt zu machen. \u00dcber einige Aspekte werden Sie in den verschiedenen Rubriken informiert.<\/p>\n<p style=\"text-align: left;\">Die Stiftung Kulturwerk Schlesien verf\u00fcgt \u00fcber eine umfangreiche landeskundliche Bibliothek und verschiedene Sammlungen. Beide stehen der \u00d6ffentlichkeit zur Verf\u00fcgung.<\/p>\n<p style=\"text-align: left;\">Herausgegeben wird von uns die viertelj\u00e4hrlich erscheinende Informationszeitschrift \u201eSchlesischer Kulturspiegel\u201c, die Sie gegen Spende gerne regelm\u00e4\u00dfig beziehen k\u00f6nnen.<\/p>\n<p style=\"text-align: left;\">Als wissenschaftliches Periodikum ver\u00f6ffentlichen wir das \u201eJahrbuch f\u00fcr schlesische Kultur und Geschichte\u201c.<\/p>\n<p style=\"text-align: left;\">Bei Fragen wenden Sie sich bitte an uns!<\/p>\n<p style=\"text-align: left;\">Stiftung Kulturwerk Schlesien<br \/>\nKardinal-D\u00f6pfner-Platz 1<br \/>\n97070 W\u00fcrzburg<\/p>\n<p style=\"text-align: left;\">Tel: 0931\/5 36 96 &#8211; Fax: 0931\/5 36 49<br \/>\nE-Mail: info@kulturwerk-schlesien.de<\/p>\n<p style=\"text-align: left;\"><strong>Unser Konto f\u00fcr Ihre Spende:<\/strong><\/p>\n<p style=\"text-align: left;\"><strong>Sparkasse Mainfranken: DE90 7905 0000 0049 1452 20 \u2013 BIC: BYLADEM1SWU<br \/>\n<\/strong><\/p>\n<p><strong>\u00a0<\/strong><strong>\u00a0<\/strong><strong><br \/>\n<\/strong><strong>Mit Dank erhalten Sie von uns auf Wunsch eine Spendenbescheinigung.<\/strong><br \/>\nDie Stiftung Kulturwerk Schlesien wird aus Mitteln des Bayerischen Staatsministeriums f\u00fcr Familie, Arbeit und Soziales gef\u00f6rdert.<img decoding=\"async\" class=\"alignleft\" src=\"https:\/\/www.kulturwerk-schlesien.de\/wp-content\/uploads\/2021\/02\/StMAS-WBM-2018_2zre_cmyk.jpg\" \/><\/p>\n<table>\n<tbody>\n<tr>\n<td style=\"width: 371px;\"><\/td>\n<td style=\"width: 371px;\"><\/td>\n<\/tr>\n<\/tbody>\n<\/table>\n<p>[custom-twitter-feeds feed=&#8220;1&#8243;]<\/p>\n","protected":false},"excerpt":{"rendered":"<p>Schlesien \u2013 das zehnfach interessante Land, so bezeichnete es schon Johann Wolfgang von Goethe bei seiner Reise nach Schlesien im Jahre 1790. Aufgabe der Stiftung Kulturwerk Schlesien ist es, das &#8230;<\/p>\n","protected":false},"author":1,"featured_media":0,"parent":0,"menu_order":0,"comment_status":"closed","ping_status":"open","template":"template-frontpage.php","meta":{"footnotes":"","_links_to":"","_links_to_target":""},"class_list":["post-2","page","type-page","status-publish","hentry"],"_links":{"self":[{"href":"https:\/\/www.kulturwerk-schlesien.de\/index.php?rest_route=\/wp\/v2\/pages\/2","targetHints":{"allow":["GET"]}}],"collection":[{"href":"https:\/\/www.kulturwerk-schlesien.de\/index.php?rest_route=\/wp\/v2\/pages"}],"about":[{"href":"https:\/\/www.kulturwerk-schlesien.de\/index.php?rest_route=\/wp\/v2\/types\/page"}],"author":[{"embeddable":true,"href":"https:\/\/www.kulturwerk-schlesien.de\/index.php?rest_route=\/wp\/v2\/users\/1"}],"replies":[{"embeddable":true,"href":"https:\/\/www.kulturwerk-schlesien.de\/index.php?rest_route=%2Fwp%2Fv2%2Fcomments&post=2"}],"version-history":[{"count":3,"href":"https:\/\/www.kulturwerk-schlesien.de\/index.php?rest_route=\/wp\/v2\/pages\/2\/revisions"}],"predecessor-version":[{"id":2952,"href":"https:\/\/www.kulturwerk-schlesien.de\/index.php?rest_route=\/wp\/v2\/pages\/2\/revisions\/2952"}],"wp:attachment":[{"href":"https:\/\/www.kulturwerk-schlesien.de\/index.php?rest_route=%2Fwp%2Fv2%2Fmedia&parent=2"}],"curies":[{"name":"wp","href":"https:\/\/api.w.org\/{rel}","templated":true}]}}