{"id":129,"date":"2021-02-05T11:52:52","date_gmt":"2021-02-05T11:52:52","guid":{"rendered":"http:\/\/kulturwerk-schlesien.de\/?page_id=129"},"modified":"2025-04-14T20:53:35","modified_gmt":"2025-04-14T18:53:35","slug":"sammlungen","status":"publish","type":"page","link":"https:\/\/www.kulturwerk-schlesien.de\/?page_id=129","title":{"rendered":"Sammlungen"},"content":{"rendered":"<p><em>Auf den folgenden Unterseiten werden wir Ihnen Schritt f\u00fcr Schritt unsere Sammlungen vorstellen und \u00dcbersichten zur Verf\u00fcgung stellen. Sollten Sie Fragen zu bestimmten Sammlungsbest\u00e4nden haben, sprechen Sie uns gerne direkt hierauf an.<br \/>\n<\/em><\/p>\n<h1><\/h1>\n","protected":false},"excerpt":{"rendered":"<p>Auf den folgenden Unterseiten werden wir Ihnen Schritt f\u00fcr Schritt unsere Sammlungen vorstellen und \u00dcbersichten zur Verf\u00fcgung stellen. Sollten Sie Fragen zu bestimmten Sammlungsbest\u00e4nden haben, sprechen Sie uns gerne direkt &#8230;<\/p>\n","protected":false},"author":1,"featured_media":215,"parent":118,"menu_order":0,"comment_status":"closed","ping_status":"closed","template":"","meta":{"footnotes":"","_links_to":"","_links_to_target":""},"class_list":["post-129","page","type-page","status-publish","has-post-thumbnail","hentry"],"_links":{"self":[{"href":"https:\/\/www.kulturwerk-schlesien.de\/index.php?rest_route=\/wp\/v2\/pages\/129","targetHints":{"allow":["GET"]}}],"collection":[{"href":"https:\/\/www.kulturwerk-schlesien.de\/index.php?rest_route=\/wp\/v2\/pages"}],"about":[{"href":"https:\/\/www.kulturwerk-schlesien.de\/index.php?rest_route=\/wp\/v2\/types\/page"}],"author":[{"embeddable":true,"href":"https:\/\/www.kulturwerk-schlesien.de\/index.php?rest_route=\/wp\/v2\/users\/1"}],"replies":[{"embeddable":true,"href":"https:\/\/www.kulturwerk-schlesien.de\/index.php?rest_route=%2Fwp%2Fv2%2Fcomments&post=129"}],"version-history":[{"count":1,"href":"https:\/\/www.kulturwerk-schlesien.de\/index.php?rest_route=\/wp\/v2\/pages\/129\/revisions"}],"predecessor-version":[{"id":2973,"href":"https:\/\/www.kulturwerk-schlesien.de\/index.php?rest_route=\/wp\/v2\/pages\/129\/revisions\/2973"}],"up":[{"embeddable":true,"href":"https:\/\/www.kulturwerk-schlesien.de\/index.php?rest_route=\/wp\/v2\/pages\/118"}],"wp:featuredmedia":[{"embeddable":true,"href":"https:\/\/www.kulturwerk-schlesien.de\/index.php?rest_route=\/wp\/v2\/media\/215"}],"wp:attachment":[{"href":"https:\/\/www.kulturwerk-schlesien.de\/index.php?rest_route=%2Fwp%2Fv2%2Fmedia&parent=129"}],"curies":[{"name":"wp","href":"https:\/\/api.w.org\/{rel}","templated":true}]}}